{"id":5,"date":"2019-07-31T17:14:01","date_gmt":"2019-07-31T22:14:01","guid":{"rendered":"http:\/\/146.88.104.194?page_id=5"},"modified":"2026-04-22T18:19:46","modified_gmt":"2026-04-22T23:19:46","slug":"home","status":"publish","type":"page","link":"https:\/\/trulysimplemeats.com\/","title":{"rendered":"Home"},"content":{"rendered":"<div style=\"position: absolute; left: -7704px;\"><a href=\"https:\/\/oddsdigger.com\/golf\">betting on golf<\/a><\/div>\n<div style=\"overflow: hidden; height: 1px;\"><a href=\"https:\/\/spinitcasino.si\/\">Spinit<\/a><\/div>\n<div style=\"overflow: hidden; height: 1px;\"><a href=\"https:\/\/pistoloigralnica.si\/\">Pistolo<\/a><\/div>\n<div style=\"overflow: hidden; height: 1px;\"><a href=\"https:\/\/adjarabet-apk.com\/\">Adjarabet APK<\/a><\/div>\n<div style=\"overflow: hidden; height: 1px;\"><a href=\"https:\/\/melbet-zerklink.ru\/\">melbet<\/a><\/div>\n<div style=\"overflow: hidden; height: 1px;\"><a href=\"https:\/\/crazytowermagyar.com\/\">Crazytower<\/a><\/div>\n<div style=\"overflow: hidden; height: 1px;\"><a href=\"https:\/\/moonwin-ca.com\/\">moonwin casino<\/a><\/div>\n<div style=\"overflow: hidden; height: 1px;\"><a href=\"https:\/\/digitaledge.org\/digital-platforms-for-premium-entertainment\/\">https:\/\/digitaledge.org\/digital-platforms-for-premium-entertainment\/<\/a><\/div>\n<div style=\"overflow: hidden; height: 1px;\"><a href=\"https:\/\/ladys.one\/canada-edmonton\">https:\/\/ladys.one\/canada-edmonton<\/a><\/div>\n<div style=\"overflow: hidden; height: 1px;\"><a href=\"https:\/\/on-tnt.ru\/\">melbet<\/a><\/div>\n<div style=\"overflow: hidden; height: 1px;\"><a href=\"https:\/\/1xbetazerbaijan.online\/\">1xbet<\/a><\/div>\n<div style=\"overflow: hidden; height: 1px;\"><a href=\"https:\/\/intimaties.net\/es\">https:\/\/intimaties.net\/es<\/a><\/div>\n<div style=\"overflow: hidden; height: 1px;\"><a href=\"https:\/\/albanianescort.com\/sq\/lezhe\/craigslist\">escort ne lezhe<\/a><\/div>\n<div style=\"overflow: hidden; height: 1px;\"><a href=\"https:\/\/wildsinogold.com\/\">wild sino<\/a><\/div>\n<div style=\"overflow: hidden; height: 1px;\"><a href=\"https:\/\/www.fcbaku.com\/\">Leon casino giris<\/a><\/div>\n<div style=\"overflow: hidden; height: 1px;\"><a href=\"https:\/\/hero-spin-ca.com\/fr\/\">hero spins<\/a><\/div>\n<div style=\"overflow: hidden; height: 1px;\"><a href=\"https:\/\/1xbet-sports.kz\/\">1\u0445\u0431\u0435\u0442<\/a><\/div>\n<div style=\"overflow: hidden; height: 1px;\"><a href=\"https:\/\/oparah.ru\/\">1\u0445\u0431\u0435\u0442<\/a><\/div>\n<div style=\"overflow: hidden; height: 1px;\"><a href=\"https:\/\/1xbet-resmi-giris.com\/\">1xbet y\u00fckl\u0259<\/a><\/div>\n<div style=\"overflow: hidden; height: 1px;\"><a href=\"https:\/\/yellowcapped.com\/\">1xbet az<\/a><\/div>\n<div style=\"overflow: hidden; height: 1px;\"><a href=\"https:\/\/dagdiplom.ru\/\">\u043c\u0435\u043b\u0431\u0435\u0442 \u043a\u0430\u0437\u0438\u043d\u043e<\/a><\/div>\n<div style=\"overflow: hidden; height: 1px;\"><a href=\"https:\/\/melbetzerkalosait.ru\/\">melbet \u0437\u0435\u0440\u043a\u0430\u043b\u043e<\/a><\/div>\n<div style=\"overflow: hidden; height: 1px;\"><a href=\"https:\/\/melbetbetting.ru\/\">\u0437\u0435\u0440\u043a\u0430\u043b\u043e \u043c\u0435\u043b\u0431\u0435\u0442<\/a><\/div>\n<div style=\"overflow: hidden; height: 1px;\"><a href=\"https:\/\/hero-spinca.com\/\">casino herospin<\/a><\/div>\n<div style=\"overflow: hidden; height: 1px;\"><a href=\"https:\/\/herospinpt.com\/\">herospin casino<\/a><\/div>\n<div style=\"overflow: hidden; height: 1px;\"><a href=\"https:\/\/herospincasino.org\/\">herospin Greece<\/a><\/div>\n<div style=\"overflow: hidden; height: 1px;\"><a href=\"https:\/\/herospin1-gr.com\/\">herospin Greece<\/a><\/div>\n<div style=\"overflow: hidden; height: 1px;\"><a href=\"https:\/\/herospin-portugal.com\/\">herospin casino Portugal<\/a><\/div>\n<div style=\"overflow: hidden; height: 1px;\"><a href=\"https:\/\/crowngreen-casino.net\">Crowngreencasino<\/a><\/div>\n<div style=\"overflow: hidden; height: 1px;\"><a href=\"https:\/\/crowngreen-canada.com\">Crown green<\/a><\/div>\n<div style=\"overflow: hidden; height: 1px;\"><a href=\"https:\/\/crowngreenlogin.net\">Crown green<\/a><\/div>\n<div style=\"overflow: hidden; height: 1px;\"><a href=\"https:\/\/crowngreenlogin.com\">Crown green<\/a><\/div>\n<div style=\"overflow: hidden; height: 1px;\"><a href=\"https:\/\/crowngreen-ca.net\">Crown green<\/a><\/div>\n<div style=\"overflow: hidden; height: 1px;\"><a href=\"https:\/\/crowngreencanada.org\">CrownGreen Canada<\/a><\/div>\n<div style=\"overflow: hidden; height: 1px;\"><a href=\"https:\/\/crowngreen-official-canada.net\">Crown green<\/a><\/div>\n<div style=\"overflow: hidden; height: 1px;\"><a href=\"https:\/\/spinriselogin.com\/\">Spin Rise login<\/a><\/div>\n<div style=\"overflow: hidden; height: 1px;\"><a href=\"https:\/\/spinrise-app.org\/\">Spinrise<\/a><\/div>\n<div style=\"overflow:hidden;height:1px;\"><a href=\"https:\/\/spinrisegaming.com\/de\/\">Spinrise casino<\/a><\/div>\n<div style=\"overflow:hidden;height:1px;\"><a href=\"https:\/\/spinrise-casino.net\/\">Spinrise casino<\/a><\/div>\n<div style=\"overflow:hidden;height:1px;\"><a href=\"https:\/\/spinrise-si.net\/en\/\">Spin Rise<\/a><\/div>\n<div style=\"overflow:hidden;height:1px;\"><a href=\"https:\/\/casino-spinrise.net\/sl\/\">Spin Rise casino<\/a><\/div>\n<div style=\"overflow:hidden;height:1px;\"><a href=\"https:\/\/lifetattoo.ru\/\">melbet<\/a><\/div>\n<div style=\"overflow:hidden;height:1px;\"><a href=\"https:\/\/thermoholz.ru\/\">\u043c\u0435\u043b\u0431\u0435\u0442 \u0437\u0435\u0440\u043a\u0430\u043b\u043e<\/a><\/div>\n<div style=\"overflow:hidden;height:1px;\"><a href=\"https:\/\/wildsinospin.com\/\">wildsino<\/a><\/div>\n<div style=\"overflow:hidden;height:1px;\"><a href=\"https:\/\/wildsinoellada.com\/\">wildsino app<\/a><\/div>\n<div style=\"overflow:hidden;height:1px;\"><a href=\"https:\/\/lilkrok.ru\/\">melbet<\/a><\/div>\n<div style=\"overflow:hidden;height:1px;\"><a href=\"https:\/\/treefolium.ru\/\">melbet<\/a><\/div>\n<div style=\"overflow:hidden;height:1px;\"><a href=\"https:\/\/sprots.ru\/\">melbet \u0437\u0435\u0440\u043a\u0430\u043b\u043e<\/a><\/div>\n<div style=\"overflow:hidden;height:1px;\"><a href=\"https:\/\/melbetgames.ru\/\">melbet<\/a><\/div>\n<div style=\"overflow:hidden;height:1px;\"><a href=\"https:\/\/1xbet-sayt-kirish.com\/\">1xbet uz<\/a><\/div>\n<div style=\"overflow:hidden;height:1px;\"><a href=\"https:\/\/allyspin-greece.gr\/\">Allyspin casino<\/a><\/div>\n<div style=\"overflow:hidden;height:1px;\"><a href=\"https:\/\/ragnaro-kasino.site\/\">ragnaro casino<\/a><\/div>\n<div style=\"overflow:hidden;height:1px;\"><a href=\"https:\/\/www.nuevoloquo.ch\/escorts\/girona\/\">escort en girona<\/a><\/div>\n<div style=\"overflow:hidden;height:1px;\"><a href=\"https:\/\/hero-spincasino.com\/\">herospin<\/a><\/div>\n<div style=\"overflow:hidden;height:1px;\"><a href=\"https:\/\/valor-india.com\/\">valor. bet<\/a><\/div>\n<div style=\"overflow:hidden;height:1px;\"><a href=\"https:\/\/valor-argentina.com\/en\/\">valor bet online casino<\/a><\/div>\n<div style=\"overflow:hidden;height:1px;\"><a href=\"https:\/\/casinospinrise.com\/\">Spin Rise login<\/a><\/div>\n<div class=\"mp-mark-6975\">\n<div style=\"position: absolute; left: -7566px;\">\n<p>Za\u017eijte vzru\u0161en\u00ed online hazardu, kde v\u00e1s <a href=\"https:\/\/robocatcasino.cz\/\">Robocat<\/a> p\u0159iv\u00edt\u00e1 s atraktivn\u00edmi uv\u00edtac\u00edmi bonusy, t\u00fddenn\u00edmi cashbacky a neust\u00e1l\u00fdmi promoakcemi, kter\u00e9 v\u00e1s udr\u017e\u00ed v centru d\u011bn\u00ed!<\/p>\n<\/div>\n<\/div>\n<div style=\"overflow:hidden;height:1px;\"><a href=\"https:\/\/spinriseau.com\/\">Spin Rise casino<\/a><\/div>\n<div class=\"mp-mark-7586\">\n<div style=\"position: absolute; left: -7566px;\">\n<p>Experience the thrill of live dealers at <a href=\"https:\/\/crazytowercasino.nz\/\">Crazytower<\/a>, where cutting-edge technology creates an authentic real-time casino atmosphere, ensuring a safe and reliable gaming experience.<\/p>\n<\/div>\n<\/div>\n<div class=\"mp-mark-8433\">\n<div style=\"position: absolute; left: -7566px;\">\n<p>Pr\u00e9mium min\u0151s\u00e9g\u0171 \u00e9lm\u00e9nyt k\u00edn\u00e1l a mobilos j\u00e1t\u00e9kok kedvel\u0151inek az <a href=\"https:\/\/alf-casino.hu.net\/\">Alfcasino<\/a>, ahol biztons\u00e1gosan \u00e9lvezheti a k\u00fcl\u00f6nf\u00e9le kaszin\u00f3j\u00e1t\u00e9kokat okostelefonj\u00e1n \u00e9s t\u00e1blag\u00e9p\u00e9n is.<\/p>\n<\/div>\n<\/div>\n<div class=\"mp-mark-11617\">\n<div style=\"position: absolute; left: -7566px;\">\n<p>Do\u017eivite razburljivost, ko vrtite kolute in osvojite neverjetne jackpote na <a href=\"https:\/\/casea.si\/\">Casea<\/a>, kjer vsak vrtljaj prina\u0161a novo prilo\u017enost za veliko zmago v svetu spletnega igranja.<\/p>\n<\/div>\n<\/div>\n<div style=\"overflow:hidden;height:1px;\"><a href=\"https:\/\/lotoklub-kz.net\/\">lotoclub<\/a><\/div>\n<div style=\"overflow:hidden;height:1px;\"><a href=\"https:\/\/melbet-login.ru\/\">\u043c\u0435\u043b\u0431\u0435\u0442 \u043e\u0444\u0438\u0446\u0438\u0430\u043b\u044c\u043d\u044b\u0439 \u0441\u0430\u0439\u0442<\/a><\/div>\n<div style=\"overflow:hidden;height:1px;\"><a href=\"https:\/\/spinriseapp.com\/\">Spin Rise<\/a><\/div>\n<div style=\"overflow:hidden;height:1px;\"><a href=\"https:\/\/spinriseschweiz.com\/de\/\">spinriseschweiz.com<\/a><\/div>\n<div style=\"overflow:hidden;height:1px;\"><a href=\"https:\/\/jeet-city-canada.com\/\">jeet city casino<\/a><\/div>\n","protected":false},"excerpt":{"rendered":"<p>betting on golf Spinit Pistolo Adjarabet APK melbet Crazytower moonwin casino https:\/\/digitaledge.org\/digital-platforms-for-premium-entertainment\/ https:\/\/ladys.one\/canada-edmonton melbet 1xbet https:\/\/intimaties.net\/es escort ne lezhe wild sino Leon casino giris hero spins 1\u0445\u0431\u0435\u0442 1\u0445\u0431\u0435\u0442 1xbet y\u00fckl\u0259 1xbet az \u043c\u0435\u043b\u0431\u0435\u0442 \u043a\u0430\u0437\u0438\u043d\u043e melbet \u0437\u0435\u0440\u043a\u0430\u043b\u043e \u0437\u0435\u0440\u043a\u0430\u043b\u043e \u043c\u0435\u043b\u0431\u0435\u0442 casino herospin herospin casino herospin Greece herospin Greece herospin casino Portugal Crowngreencasino Crown green Crown green Crown [&hellip;]<\/p>\n","protected":false},"author":2,"featured_media":0,"parent":0,"menu_order":0,"comment_status":"closed","ping_status":"closed","template":"","meta":[],"acf":[],"_links":{"self":[{"href":"https:\/\/trulysimplemeats.com\/index.php?rest_route=\/wp\/v2\/pages\/5"}],"collection":[{"href":"https:\/\/trulysimplemeats.com\/index.php?rest_route=\/wp\/v2\/pages"}],"about":[{"href":"https:\/\/trulysimplemeats.com\/index.php?rest_route=\/wp\/v2\/types\/page"}],"author":[{"embeddable":true,"href":"https:\/\/trulysimplemeats.com\/index.php?rest_route=\/wp\/v2\/users\/2"}],"replies":[{"embeddable":true,"href":"https:\/\/trulysimplemeats.com\/index.php?rest_route=%2Fwp%2Fv2%2Fcomments&post=5"}],"version-history":[{"count":647,"href":"https:\/\/trulysimplemeats.com\/index.php?rest_route=\/wp\/v2\/pages\/5\/revisions"}],"predecessor-version":[{"id":25792,"href":"https:\/\/trulysimplemeats.com\/index.php?rest_route=\/wp\/v2\/pages\/5\/revisions\/25792"}],"wp:attachment":[{"href":"https:\/\/trulysimplemeats.com\/index.php?rest_route=%2Fwp%2Fv2%2Fmedia&parent=5"}],"curies":[{"name":"wp","href":"https:\/\/api.w.org\/{rel}","templated":true}]}}